{"id":100,"date":"2023-12-11T18:50:17","date_gmt":"2023-12-11T17:50:17","guid":{"rendered":"https:\/\/lesmarmitesdetoto.fr\/?page_id=100"},"modified":"2024-02-25T11:33:02","modified_gmt":"2024-02-25T10:33:02","slug":"les-recettes","status":"publish","type":"page","link":"https:\/\/lesmarmitesdetoto.fr\/index.php\/les-recettes\/","title":{"rendered":"Les recettes"},"content":{"rendered":"\n<p>Vous trouverez dans cette section des id\u00e9es de recettes revisit\u00e9es avec au moins une des confitures ou cr\u00e8me vendues sur ce site.<\/p>\n\n\n\n<div class=\"wp-block-media-text alignfull has-media-on-the-right is-stacked-on-mobile is-vertically-aligned-center is-style-default\" style=\"grid-template-columns:auto 20%\"><div class=\"wp-block-media-text__content\">\n<h3 class=\"wp-block-heading\">Le Tiramisu Coco<\/h3>\n\n\n\n<p>Red\u00e9couvrez le tiramisu avec une pointe de douceur de coco qui renforce l&rsquo;onctuosit\u00e9 de la cr\u00e8me classique. <\/p>\n\n\n\n<p class=\"has-text-color\" style=\"color:#636363;font-size:17px;line-height:1.1\"><\/p>\n<\/div><figure class=\"wp-block-media-text__media\"><a href=\"https:\/\/lesmarmitesdetoto.fr\/index.php\/2024\/02\/25\/le-tiramisu-coco\/\"><img loading=\"lazy\" decoding=\"async\" width=\"598\" height=\"445\" src=\"https:\/\/lesmarmitesdetoto.fr\/wp-content\/uploads\/2024\/02\/Tiramisu-icon.png\" alt=\"\" class=\"wp-image-153 size-full\" srcset=\"https:\/\/lesmarmitesdetoto.fr\/wp-content\/uploads\/2024\/02\/Tiramisu-icon.png 598w, https:\/\/lesmarmitesdetoto.fr\/wp-content\/uploads\/2024\/02\/Tiramisu-icon-300x223.png 300w\" sizes=\"(max-width: 598px) 100vw, 598px\" \/><\/a><\/figure><\/div>\n\n\n\n<hr class=\"wp-block-separator has-alpha-channel-opacity\"\/>\n\n\n\n<div class=\"wp-block-media-text alignfull has-media-on-the-right is-stacked-on-mobile is-vertically-aligned-center is-style-default\" style=\"grid-template-columns:auto 20%\"><div class=\"wp-block-media-text__content\">\n<h3 class=\"wp-block-heading\">Le Tiramisu Classique<\/h3>\n\n\n\n<p>D\u00e9couvrez la recette du tiramisu traditionnel, un dessert italien cr\u00e9meux et d\u00e9licieux. Il est compos\u00e9 de couches de biscuits tremp\u00e9s dans du caf\u00e9, altern\u00e9es avec une cr\u00e8me onctueuse. Un pur bonheur pour les papilles ! Cliquez sur le lien pour apprendre \u00e0 le pr\u00e9parer vous-m\u00eame.<\/p>\n\n\n\n<p class=\"has-text-color\" style=\"color:#636363;font-size:17px;line-height:1.1\"><\/p>\n<\/div><figure class=\"wp-block-media-text__media\"><a href=\"https:\/\/lesmarmitesdetoto.fr\/index.php\/2021\/06\/06\/un-tiramisu\/\"><img loading=\"lazy\" decoding=\"async\" width=\"430\" height=\"242\" src=\"http:\/\/lesmarmitesdetoto.fr\/wp-content\/uploads\/2021\/06\/un-tiramisu.jpg\" alt=\"\" class=\"wp-image-13 size-full\" srcset=\"https:\/\/lesmarmitesdetoto.fr\/wp-content\/uploads\/2021\/06\/un-tiramisu.jpg 430w, https:\/\/lesmarmitesdetoto.fr\/wp-content\/uploads\/2021\/06\/un-tiramisu-300x169.jpg 300w\" sizes=\"(max-width: 430px) 100vw, 430px\" \/><\/a><\/figure><\/div>\n\n\n\n<hr class=\"wp-block-separator has-alpha-channel-opacity\"\/>\n\n\n\n<div class=\"wp-block-media-text alignfull has-media-on-the-right is-stacked-on-mobile is-vertically-aligned-center is-style-default\" style=\"grid-template-columns:auto 20%\"><div class=\"wp-block-media-text__content\">\n<h3 class=\"wp-block-heading\">La Palette<\/h3>\n\n\n\n<p>La Palette aux diff\u00e9rentes nuances de noisette.<\/p>\n\n\n\n<p><\/p>\n\n\n\n<p class=\"has-text-color\" style=\"color:#636363;font-size:17px;line-height:1.1\"><\/p>\n<\/div><figure class=\"wp-block-media-text__media\"><a href=\"https:\/\/lesmarmitesdetoto.fr\/index.php\/2021\/06\/06\/la-piece-praline\/\"><img loading=\"lazy\" decoding=\"async\" width=\"760\" height=\"664\" src=\"http:\/\/lesmarmitesdetoto.fr\/wp-content\/uploads\/2021\/06\/palette-mercotte.jpeg\" alt=\"\" class=\"wp-image-12 size-full\" srcset=\"https:\/\/lesmarmitesdetoto.fr\/wp-content\/uploads\/2021\/06\/palette-mercotte.jpeg 760w, https:\/\/lesmarmitesdetoto.fr\/wp-content\/uploads\/2021\/06\/palette-mercotte-300x262.jpeg 300w\" sizes=\"(max-width: 760px) 100vw, 760px\" \/><\/a><\/figure><\/div>\n\n\n\n<hr class=\"wp-block-separator has-alpha-channel-opacity\"\/>\n\n\n\n<div class=\"wp-block-media-text alignfull has-media-on-the-right is-stacked-on-mobile is-vertically-aligned-center is-style-default\" style=\"grid-template-columns:auto 20%\"><div class=\"wp-block-media-text__content\">\n<h3 class=\"wp-block-heading\">La b\u00fbche patissi\u00e8re <\/h3>\n\n\n\n<p>Le dessert traditionnel pour No\u00ebl \u00e0 base de g\u00e9noise et d&rsquo;une cr\u00e8me l\u00e9g\u00e8re de douceur de coco.<\/p>\n\n\n\n<p class=\"has-text-color\" style=\"color:#636363;font-size:17px;line-height:1.1\"><\/p>\n<\/div><figure class=\"wp-block-media-text__media\"><a href=\"https:\/\/lesmarmitesdetoto.fr\/index.php\/2021\/06\/06\/la-buche-patissiere\/\"><img loading=\"lazy\" decoding=\"async\" width=\"612\" height=\"379\" src=\"http:\/\/lesmarmitesdetoto.fr\/wp-content\/uploads\/2021\/06\/le-roule\u0301.jpeg\" alt=\"\" class=\"wp-image-8 size-full\" srcset=\"https:\/\/lesmarmitesdetoto.fr\/wp-content\/uploads\/2021\/06\/le-roule\u0301.jpeg 612w, https:\/\/lesmarmitesdetoto.fr\/wp-content\/uploads\/2021\/06\/le-roule\u0301-300x186.jpeg 300w\" sizes=\"(max-width: 612px) 100vw, 612px\" \/><\/a><\/figure><\/div>\n\n\n\n<p><\/p>\n","protected":false},"excerpt":{"rendered":"<p>Vous trouverez dans cette section des id\u00e9es de recettes [&hellip;]<\/p>\n","protected":false},"author":1,"featured_media":0,"parent":0,"menu_order":0,"comment_status":"closed","ping_status":"closed","template":"template-fullwide.php","meta":{"footnotes":""},"jetpack_sharing_enabled":true,"jetpack-related-posts":[],"_links":{"self":[{"href":"https:\/\/lesmarmitesdetoto.fr\/index.php\/wp-json\/wp\/v2\/pages\/100"}],"collection":[{"href":"https:\/\/lesmarmitesdetoto.fr\/index.php\/wp-json\/wp\/v2\/pages"}],"about":[{"href":"https:\/\/lesmarmitesdetoto.fr\/index.php\/wp-json\/wp\/v2\/types\/page"}],"author":[{"embeddable":true,"href":"https:\/\/lesmarmitesdetoto.fr\/index.php\/wp-json\/wp\/v2\/users\/1"}],"replies":[{"embeddable":true,"href":"https:\/\/lesmarmitesdetoto.fr\/index.php\/wp-json\/wp\/v2\/comments?post=100"}],"version-history":[{"count":14,"href":"https:\/\/lesmarmitesdetoto.fr\/index.php\/wp-json\/wp\/v2\/pages\/100\/revisions"}],"predecessor-version":[{"id":164,"href":"https:\/\/lesmarmitesdetoto.fr\/index.php\/wp-json\/wp\/v2\/pages\/100\/revisions\/164"}],"wp:attachment":[{"href":"https:\/\/lesmarmitesdetoto.fr\/index.php\/wp-json\/wp\/v2\/media?parent=100"}],"curies":[{"name":"wp","href":"https:\/\/api.w.org\/{rel}","templated":true}]}}