{"id":2,"date":"2021-05-31T22:33:32","date_gmt":"2021-05-31T20:33:32","guid":{"rendered":"http:\/\/lesmarmitesdetoto.fr\/?page_id=2"},"modified":"2023-12-23T17:59:57","modified_gmt":"2023-12-23T16:59:57","slug":"home","status":"publish","type":"page","link":"https:\/\/lesmarmitesdetoto.fr\/","title":{"rendered":"Home"},"content":{"rendered":"\n<p>Bienvenue sur le site \u201cLes Marmites de Toto\u201d. <\/p>\n\n\n\n<p>Vous y trouverez mes inventions culinaires comme les confitures, les tablettes de chocolats ainsi que quelques innovations, am\u00e9lioration en mati\u00e8re de p\u00e2tisserie.<\/p>\n\n\n\n<figure class=\"wp-block-image size-large\"><img loading=\"lazy\" decoding=\"async\" width=\"721\" height=\"401\" src=\"http:\/\/lesmarmitesdetoto.fr\/wp-content\/uploads\/2021\/06\/kaya.jpeg\" alt=\"\" class=\"wp-image-5\" srcset=\"https:\/\/lesmarmitesdetoto.fr\/wp-content\/uploads\/2021\/06\/kaya.jpeg 721w, https:\/\/lesmarmitesdetoto.fr\/wp-content\/uploads\/2021\/06\/kaya-300x167.jpeg 300w\" sizes=\"(max-width: 721px) 100vw, 721px\" \/><\/figure>\n\n\n\n<p>Les recettes que vous trouverez dans la section d\u00e9di\u00e9e sont des revisites ou adaptations dans lesquelles j&rsquo;essaie d&rsquo;int\u00e9grer astucieusement la confiture\/cr\u00e8me de lait  sous forme de :<br>\u2013 Ganache mont\u00e9e<br>\u2013 Sirop<br>\u2013 Confiture<br>\u2013 Coeur coulant<br>&#8211; Moelleux<\/p>\n\n\n\n<figure class=\"wp-block-gallery has-nested-images columns-default is-cropped wp-block-gallery-1 is-layout-flex wp-block-gallery-is-layout-flex\">\n<figure class=\"wp-block-image size-large\"><img loading=\"lazy\" decoding=\"async\" width=\"723\" height=\"438\" data-id=\"6\" src=\"https:\/\/lesmarmitesdetoto.fr\/wp-content\/uploads\/2021\/06\/le-armand.jpeg\" alt=\"\" class=\"wp-image-6\" srcset=\"https:\/\/lesmarmitesdetoto.fr\/wp-content\/uploads\/2021\/06\/le-armand.jpeg 723w, https:\/\/lesmarmitesdetoto.fr\/wp-content\/uploads\/2021\/06\/le-armand-300x182.jpeg 300w\" sizes=\"(max-width: 723px) 100vw, 723px\" \/><\/figure>\n\n\n\n<figure class=\"wp-block-image size-large\"><img loading=\"lazy\" decoding=\"async\" width=\"399\" height=\"313\" data-id=\"7\" src=\"https:\/\/lesmarmitesdetoto.fr\/wp-content\/uploads\/2021\/06\/le-crumble.jpeg\" alt=\"\" class=\"wp-image-7\" srcset=\"https:\/\/lesmarmitesdetoto.fr\/wp-content\/uploads\/2021\/06\/le-crumble.jpeg 399w, https:\/\/lesmarmitesdetoto.fr\/wp-content\/uploads\/2021\/06\/le-crumble-300x235.jpeg 300w\" sizes=\"(max-width: 399px) 100vw, 399px\" \/><\/figure>\n\n\n\n<figure class=\"wp-block-image size-large\"><img loading=\"lazy\" decoding=\"async\" width=\"424\" height=\"258\" data-id=\"9\" src=\"https:\/\/lesmarmitesdetoto.fr\/wp-content\/uploads\/2021\/06\/le-triple-fondant.jpeg\" alt=\"\" class=\"wp-image-9\" srcset=\"https:\/\/lesmarmitesdetoto.fr\/wp-content\/uploads\/2021\/06\/le-triple-fondant.jpeg 424w, https:\/\/lesmarmitesdetoto.fr\/wp-content\/uploads\/2021\/06\/le-triple-fondant-300x183.jpeg 300w\" sizes=\"(max-width: 424px) 100vw, 424px\" \/><\/figure>\n\n\n\n<figure class=\"wp-block-image size-large\"><img loading=\"lazy\" decoding=\"async\" width=\"612\" height=\"379\" data-id=\"8\" src=\"https:\/\/lesmarmitesdetoto.fr\/wp-content\/uploads\/2021\/06\/le-roule\u0301.jpeg\" alt=\"\" class=\"wp-image-8\" srcset=\"https:\/\/lesmarmitesdetoto.fr\/wp-content\/uploads\/2021\/06\/le-roule\u0301.jpeg 612w, https:\/\/lesmarmitesdetoto.fr\/wp-content\/uploads\/2021\/06\/le-roule\u0301-300x186.jpeg 300w\" sizes=\"(max-width: 612px) 100vw, 612px\" \/><\/figure>\n\n\n\n<figure class=\"wp-block-image size-large\"><img loading=\"lazy\" decoding=\"async\" width=\"430\" height=\"242\" data-id=\"13\" src=\"https:\/\/lesmarmitesdetoto.fr\/wp-content\/uploads\/2021\/06\/un-tiramisu.jpg\" alt=\"\" class=\"wp-image-13\" srcset=\"https:\/\/lesmarmitesdetoto.fr\/wp-content\/uploads\/2021\/06\/un-tiramisu.jpg 430w, https:\/\/lesmarmitesdetoto.fr\/wp-content\/uploads\/2021\/06\/un-tiramisu-300x169.jpg 300w\" sizes=\"(max-width: 430px) 100vw, 430px\" \/><\/figure>\n\n\n\n<figure class=\"wp-block-image size-large\"><img loading=\"lazy\" decoding=\"async\" width=\"760\" height=\"664\" data-id=\"12\" src=\"https:\/\/lesmarmitesdetoto.fr\/wp-content\/uploads\/2021\/06\/palette-mercotte.jpeg\" alt=\"\" class=\"wp-image-12\" srcset=\"https:\/\/lesmarmitesdetoto.fr\/wp-content\/uploads\/2021\/06\/palette-mercotte.jpeg 760w, https:\/\/lesmarmitesdetoto.fr\/wp-content\/uploads\/2021\/06\/palette-mercotte-300x262.jpeg 300w\" sizes=\"(max-width: 760px) 100vw, 760px\" \/><\/figure>\n<\/figure>\n\n\n\n<p><\/p>\n","protected":false},"excerpt":{"rendered":"<p>Bienvenue sur le site \u201cLes Marmites de Toto\u201d. Vous [&hellip;]<\/p>\n","protected":false},"author":1,"featured_media":0,"parent":0,"menu_order":0,"comment_status":"closed","ping_status":"closed","template":"template-fullwide.php","meta":{"footnotes":""},"jetpack_sharing_enabled":true,"jetpack-related-posts":[],"_links":{"self":[{"href":"https:\/\/lesmarmitesdetoto.fr\/index.php\/wp-json\/wp\/v2\/pages\/2"}],"collection":[{"href":"https:\/\/lesmarmitesdetoto.fr\/index.php\/wp-json\/wp\/v2\/pages"}],"about":[{"href":"https:\/\/lesmarmitesdetoto.fr\/index.php\/wp-json\/wp\/v2\/types\/page"}],"author":[{"embeddable":true,"href":"https:\/\/lesmarmitesdetoto.fr\/index.php\/wp-json\/wp\/v2\/users\/1"}],"replies":[{"embeddable":true,"href":"https:\/\/lesmarmitesdetoto.fr\/index.php\/wp-json\/wp\/v2\/comments?post=2"}],"version-history":[{"count":2,"href":"https:\/\/lesmarmitesdetoto.fr\/index.php\/wp-json\/wp\/v2\/pages\/2\/revisions"}],"predecessor-version":[{"id":127,"href":"https:\/\/lesmarmitesdetoto.fr\/index.php\/wp-json\/wp\/v2\/pages\/2\/revisions\/127"}],"wp:attachment":[{"href":"https:\/\/lesmarmitesdetoto.fr\/index.php\/wp-json\/wp\/v2\/media?parent=2"}],"curies":[{"name":"wp","href":"https:\/\/api.w.org\/{rel}","templated":true}]}}