{"id":46,"date":"2021-06-06T10:50:04","date_gmt":"2021-06-06T08:50:04","guid":{"rendered":"http:\/\/lesmarmitesdetoto.fr\/?page_id=46"},"modified":"2023-12-23T17:58:17","modified_gmt":"2023-12-23T16:58:17","slug":"la-cotentine","status":"publish","type":"page","link":"https:\/\/lesmarmitesdetoto.fr\/index.php\/les-confitures\/la-cotentine\/","title":{"rendered":"Confiture de lait (vache)"},"content":{"rendered":"\n<p>Ma vie en Normandie m\u2019a appris \u00e0 appr\u00e9cier la confiture de lait de vache. Cette confiture compos\u00e9 de lait entier filtr\u00e9 et de sucre semble tr\u00e8s simple \u00e0 confectionner mais la r\u00e9alit\u00e9 est tout autre.<br>Apr\u00e8s des ann\u00e9es de recherche, de tests et d\u00e9gustation, la recette qui me convient a \u00e9t\u00e9 finalis\u00e9e et stabilis\u00e9e.<br><br>La partie la plus d\u00e9licate est d\u2019allier la bonne couleur de la confiture \u00e0 la bonne texture. Trop cuite, le sucre peut se resolidifier et donner une texture peu agr\u00e9able. Cuite trop fort, la confiture peut virer au marron tr\u00e8s fonc\u00e9, ce qui donnera aussi un go\u00fbt trop fort.<\/p>\n\n\n\n<p>La longueur de cuisson est aussi un facteur de difficult\u00e9 puisque la confiture doit \u00eatre remu\u00e9e en permanence pendant plusieurs heures.<\/p>\n","protected":false},"excerpt":{"rendered":"<p>Ma vie en Normandie m\u2019a appris \u00e0 appr\u00e9cier la [&hellip;]<\/p>\n","protected":false},"author":1,"featured_media":0,"parent":22,"menu_order":0,"comment_status":"closed","ping_status":"closed","template":"template-fullwide.php","meta":{"footnotes":""},"jetpack_sharing_enabled":true,"jetpack-related-posts":[],"_links":{"self":[{"href":"https:\/\/lesmarmitesdetoto.fr\/index.php\/wp-json\/wp\/v2\/pages\/46"}],"collection":[{"href":"https:\/\/lesmarmitesdetoto.fr\/index.php\/wp-json\/wp\/v2\/pages"}],"about":[{"href":"https:\/\/lesmarmitesdetoto.fr\/index.php\/wp-json\/wp\/v2\/types\/page"}],"author":[{"embeddable":true,"href":"https:\/\/lesmarmitesdetoto.fr\/index.php\/wp-json\/wp\/v2\/users\/1"}],"replies":[{"embeddable":true,"href":"https:\/\/lesmarmitesdetoto.fr\/index.php\/wp-json\/wp\/v2\/comments?post=46"}],"version-history":[{"count":4,"href":"https:\/\/lesmarmitesdetoto.fr\/index.php\/wp-json\/wp\/v2\/pages\/46\/revisions"}],"predecessor-version":[{"id":132,"href":"https:\/\/lesmarmitesdetoto.fr\/index.php\/wp-json\/wp\/v2\/pages\/46\/revisions\/132"}],"up":[{"embeddable":true,"href":"https:\/\/lesmarmitesdetoto.fr\/index.php\/wp-json\/wp\/v2\/pages\/22"}],"wp:attachment":[{"href":"https:\/\/lesmarmitesdetoto.fr\/index.php\/wp-json\/wp\/v2\/media?parent=46"}],"curies":[{"name":"wp","href":"https:\/\/api.w.org\/{rel}","templated":true}]}}