{"id":48,"date":"2021-06-06T10:50:43","date_gmt":"2021-06-06T08:50:43","guid":{"rendered":"http:\/\/lesmarmitesdetoto.fr\/?page_id=48"},"modified":"2023-12-23T17:57:46","modified_gmt":"2023-12-23T16:57:46","slug":"maya","status":"publish","type":"page","link":"https:\/\/lesmarmitesdetoto.fr\/index.php\/les-confitures\/maya\/","title":{"rendered":"Confiture de lait (ch\u00e8vre)"},"content":{"rendered":"\n<p>C\u2019est en partant \u00e0 l\u2019aventure qu\u2019on cr\u00e9\u00e9 parfois les plus grandes surprises. J\u2019ai voulu test\u00e9 la confiture de lait en changeant l\u2019ingr\u00e9dient principal, donc le lait en choisissant un lait de ch\u00e8vre entier micro-filtr\u00e9.<\/p>\n\n\n\n<p>Le r\u00e9sultat est \u00e9quivalent au lait de confiture de vache en termes de consistance et couleur. Le go\u00fbt est surprenant, vraiment. Bien s\u00fbr, confiture r\u00e9serv\u00e9e aux amoureux du lait et du fromage de ch\u00e8vre !<\/p>\n","protected":false},"excerpt":{"rendered":"<p>C\u2019est en partant \u00e0 l\u2019aventure qu\u2019on cr\u00e9\u00e9 parfois les [&hellip;]<\/p>\n","protected":false},"author":1,"featured_media":0,"parent":22,"menu_order":0,"comment_status":"closed","ping_status":"closed","template":"template-fullwide.php","meta":{"footnotes":""},"jetpack_sharing_enabled":true,"jetpack-related-posts":[],"_links":{"self":[{"href":"https:\/\/lesmarmitesdetoto.fr\/index.php\/wp-json\/wp\/v2\/pages\/48"}],"collection":[{"href":"https:\/\/lesmarmitesdetoto.fr\/index.php\/wp-json\/wp\/v2\/pages"}],"about":[{"href":"https:\/\/lesmarmitesdetoto.fr\/index.php\/wp-json\/wp\/v2\/types\/page"}],"author":[{"embeddable":true,"href":"https:\/\/lesmarmitesdetoto.fr\/index.php\/wp-json\/wp\/v2\/users\/1"}],"replies":[{"embeddable":true,"href":"https:\/\/lesmarmitesdetoto.fr\/index.php\/wp-json\/wp\/v2\/comments?post=48"}],"version-history":[{"count":3,"href":"https:\/\/lesmarmitesdetoto.fr\/index.php\/wp-json\/wp\/v2\/pages\/48\/revisions"}],"predecessor-version":[{"id":133,"href":"https:\/\/lesmarmitesdetoto.fr\/index.php\/wp-json\/wp\/v2\/pages\/48\/revisions\/133"}],"up":[{"embeddable":true,"href":"https:\/\/lesmarmitesdetoto.fr\/index.php\/wp-json\/wp\/v2\/pages\/22"}],"wp:attachment":[{"href":"https:\/\/lesmarmitesdetoto.fr\/index.php\/wp-json\/wp\/v2\/media?parent=48"}],"curies":[{"name":"wp","href":"https:\/\/api.w.org\/{rel}","templated":true}]}}