{"id":65,"date":"2023-12-11T09:41:42","date_gmt":"2023-12-11T08:41:42","guid":{"rendered":"https:\/\/lesmarmitesdetoto.fr\/?post_type=product&#038;p=65"},"modified":"2023-12-11T10:41:09","modified_gmt":"2023-12-11T09:41:09","slug":"douceur-de-coco","status":"publish","type":"product","link":"https:\/\/lesmarmitesdetoto.fr\/index.php\/produit\/douceur-de-coco\/","title":{"rendered":"Douceur de coco"},"content":{"rendered":"<p>Cr\u00e8me \u00e0 base de lait de coco, de sucre et d&rsquo;oeuf. Recette d\u00e9couverte en Asie et adapt\u00e9e pour nos palais.<br \/>\nPots de 200g \u00e0 conserver et d\u00e9guster frais dans les 3 mois apr\u00e8s fabrication pour garder la texture et la saveur originelle.<\/p>\n","protected":false},"excerpt":{"rendered":"<p>Cr\u00e8me de lait de coco<\/p>\n","protected":false},"featured_media":15,"template":"","meta":[],"product_cat":[17],"product_tag":[],"jetpack_sharing_enabled":true,"jetpack-related-posts":[],"_links":{"self":[{"href":"https:\/\/lesmarmitesdetoto.fr\/index.php\/wp-json\/wp\/v2\/product\/65"}],"collection":[{"href":"https:\/\/lesmarmitesdetoto.fr\/index.php\/wp-json\/wp\/v2\/product"}],"about":[{"href":"https:\/\/lesmarmitesdetoto.fr\/index.php\/wp-json\/wp\/v2\/types\/product"}],"wp:featuredmedia":[{"embeddable":true,"href":"https:\/\/lesmarmitesdetoto.fr\/index.php\/wp-json\/wp\/v2\/media\/15"}],"wp:attachment":[{"href":"https:\/\/lesmarmitesdetoto.fr\/index.php\/wp-json\/wp\/v2\/media?parent=65"}],"wp:term":[{"taxonomy":"product_cat","embeddable":true,"href":"https:\/\/lesmarmitesdetoto.fr\/index.php\/wp-json\/wp\/v2\/product_cat?post=65"},{"taxonomy":"product_tag","embeddable":true,"href":"https:\/\/lesmarmitesdetoto.fr\/index.php\/wp-json\/wp\/v2\/product_tag?post=65"}],"curies":[{"name":"wp","href":"https:\/\/api.w.org\/{rel}","templated":true}]}}