{"id":66,"date":"2023-12-11T09:50:51","date_gmt":"2023-12-11T08:50:51","guid":{"rendered":"https:\/\/lesmarmitesdetoto.fr\/?post_type=product&#038;p=66"},"modified":"2023-12-11T09:52:30","modified_gmt":"2023-12-11T08:52:30","slug":"confiture-de-lait","status":"publish","type":"product","link":"https:\/\/lesmarmitesdetoto.fr\/index.php\/produit\/confiture-de-lait\/","title":{"rendered":"Confiture de lait de ch\u00e8vre"},"content":{"rendered":"<p>Confiture de lait de ch\u00e8vre \u00e0 base de lait entier micro-filtr\u00e9 et de sucre crystal.<br \/>\nUne pointe de gousse de vanille et de sel de Gu\u00e9rande agr\u00e9mente le go\u00fbt de cette recette traditionnelle.<br \/>\nPour les amoureux du lait et des fromages de ch\u00e8vre !<\/p>\n","protected":false},"excerpt":{"rendered":"<p>Confiture de lait de ch\u00e8vre<\/p>\n","protected":false},"featured_media":15,"template":"","meta":[],"product_cat":[17],"product_tag":[],"jetpack_sharing_enabled":true,"jetpack-related-posts":[],"_links":{"self":[{"href":"https:\/\/lesmarmitesdetoto.fr\/index.php\/wp-json\/wp\/v2\/product\/66"}],"collection":[{"href":"https:\/\/lesmarmitesdetoto.fr\/index.php\/wp-json\/wp\/v2\/product"}],"about":[{"href":"https:\/\/lesmarmitesdetoto.fr\/index.php\/wp-json\/wp\/v2\/types\/product"}],"wp:featuredmedia":[{"embeddable":true,"href":"https:\/\/lesmarmitesdetoto.fr\/index.php\/wp-json\/wp\/v2\/media\/15"}],"wp:attachment":[{"href":"https:\/\/lesmarmitesdetoto.fr\/index.php\/wp-json\/wp\/v2\/media?parent=66"}],"wp:term":[{"taxonomy":"product_cat","embeddable":true,"href":"https:\/\/lesmarmitesdetoto.fr\/index.php\/wp-json\/wp\/v2\/product_cat?post=66"},{"taxonomy":"product_tag","embeddable":true,"href":"https:\/\/lesmarmitesdetoto.fr\/index.php\/wp-json\/wp\/v2\/product_tag?post=66"}],"curies":[{"name":"wp","href":"https:\/\/api.w.org\/{rel}","templated":true}]}}