{"id":68,"date":"2023-12-11T09:53:24","date_gmt":"2023-12-11T08:53:24","guid":{"rendered":"https:\/\/lesmarmitesdetoto.fr\/?post_type=product&#038;p=68"},"modified":"2023-12-11T11:46:55","modified_gmt":"2023-12-11T10:46:55","slug":"confiture-de-lait-2","status":"publish","type":"product","link":"https:\/\/lesmarmitesdetoto.fr\/index.php\/produit\/confiture-de-lait-2\/","title":{"rendered":"Confiture de lait"},"content":{"rendered":"<p>Confiture de lait de vache \u00e0 base de lait entier micro-filtr\u00e9 et de sucre crystal.<br \/>\nUne pointe de gousse de vanille et de sel de Gu\u00e9rande agr\u00e9mente le go\u00fbt de cette recette traditionnelle.<\/p>\n","protected":false},"excerpt":{"rendered":"<p>Confiture de lait de vache<\/p>\n","protected":false},"featured_media":15,"template":"","meta":[],"product_cat":[17],"product_tag":[],"jetpack_sharing_enabled":true,"jetpack-related-posts":[],"_links":{"self":[{"href":"https:\/\/lesmarmitesdetoto.fr\/index.php\/wp-json\/wp\/v2\/product\/68"}],"collection":[{"href":"https:\/\/lesmarmitesdetoto.fr\/index.php\/wp-json\/wp\/v2\/product"}],"about":[{"href":"https:\/\/lesmarmitesdetoto.fr\/index.php\/wp-json\/wp\/v2\/types\/product"}],"wp:featuredmedia":[{"embeddable":true,"href":"https:\/\/lesmarmitesdetoto.fr\/index.php\/wp-json\/wp\/v2\/media\/15"}],"wp:attachment":[{"href":"https:\/\/lesmarmitesdetoto.fr\/index.php\/wp-json\/wp\/v2\/media?parent=68"}],"wp:term":[{"taxonomy":"product_cat","embeddable":true,"href":"https:\/\/lesmarmitesdetoto.fr\/index.php\/wp-json\/wp\/v2\/product_cat?post=68"},{"taxonomy":"product_tag","embeddable":true,"href":"https:\/\/lesmarmitesdetoto.fr\/index.php\/wp-json\/wp\/v2\/product_tag?post=68"}],"curies":[{"name":"wp","href":"https:\/\/api.w.org\/{rel}","templated":true}]}}